{"id":1650,"date":"2022-07-06T13:03:42","date_gmt":"2022-07-06T11:03:42","guid":{"rendered":"https:\/\/cosmeticaalgeria.com\/?page_id=1650"},"modified":"2026-02-16T17:51:40","modified_gmt":"2026-02-16T16:51:40","slug":"activities","status":"publish","type":"page","link":"https:\/\/cosmeticaafrica.com\/en\/activities\/","title":{"rendered":"ACTIVITIES"},"content":{"rendered":"\t\t<div data-elementor-type=\"wp-page\" data-elementor-id=\"1650\" class=\"elementor elementor-1650\" data-elementor-post-type=\"page\">\n\t\t\t\t\t\t<section class=\"elementor-section elementor-top-section elementor-element elementor-element-d18666a elementor-section-height-min-height elementor-section-boxed elementor-section-height-default elementor-section-items-middle jltma-glass-effect-no\" data-id=\"d18666a\" data-element_type=\"section\" data-e-type=\"section\" data-settings=\"{&quot;background_background&quot;:&quot;classic&quot;}\">\n\t\t\t\t\t\t\t<div class=\"elementor-background-overlay\"><\/div>\n\t\t\t\t\t\t\t<div class=\"elementor-container elementor-column-gap-no\">\n\t\t\t\t\t<div class=\"elementor-column elementor-col-100 elementor-top-column elementor-element elementor-element-4439bb5 jltma-glass-effect-no\" data-id=\"4439bb5\" data-element_type=\"column\" data-e-type=\"column\">\n\t\t\t<div class=\"elementor-widget-wrap elementor-element-populated\">\n\t\t\t\t\t\t<div class=\"elementor-element elementor-element-c9159ab jltma-glass-effect-no elementor-invisible elementor-widget elementor-widget-heading\" data-id=\"c9159ab\" data-element_type=\"widget\" data-e-type=\"widget\" data-settings=\"{&quot;_animation&quot;:&quot;fadeInUp&quot;}\" data-widget_type=\"heading.default\">\n\t\t\t\t<div class=\"elementor-widget-container\">\n\t\t\t\t\t<h2 class=\"elementor-heading-title elementor-size-default\">ACTIVITIES<\/h2>\t\t\t\t<\/div>\n\t\t\t\t<\/div>\n\t\t\t\t\t<\/div>\n\t\t<\/div>\n\t\t\t\t\t<\/div>\n\t\t<\/section>\n\t\t\t\t<section class=\"elementor-section elementor-top-section elementor-element elementor-element-cd9f0ad elementor-section-content-middle elementor-section-boxed elementor-section-height-default elementor-section-height-default jltma-glass-effect-no\" data-id=\"cd9f0ad\" data-element_type=\"section\" data-e-type=\"section\" data-settings=\"{&quot;background_background&quot;:&quot;classic&quot;}\">\n\t\t\t\t\t\t\t<div class=\"elementor-background-overlay\"><\/div>\n\t\t\t\t\t\t\t<div class=\"elementor-container elementor-column-gap-no\">\n\t\t\t\t\t<div class=\"elementor-column elementor-col-33 elementor-top-column elementor-element elementor-element-5caa5ab jltma-glass-effect-no\" data-id=\"5caa5ab\" data-element_type=\"column\" data-e-type=\"column\" data-settings=\"{&quot;background_background&quot;:&quot;classic&quot;}\">\n\t\t\t<div class=\"elementor-widget-wrap elementor-element-populated\">\n\t\t\t\t\t\t<div class=\"elementor-element elementor-element-420f47b jltma-glass-effect-no elementor-widget elementor-widget-heading\" data-id=\"420f47b\" data-element_type=\"widget\" data-e-type=\"widget\" data-widget_type=\"heading.default\">\n\t\t\t\t<div class=\"elementor-widget-container\">\n\t\t\t\t\t<h3 class=\"elementor-heading-title elementor-size-default\">Business Zone\n\n<\/h3>\t\t\t\t<\/div>\n\t\t\t\t<\/div>\n\t\t\t\t<div class=\"elementor-element elementor-element-6ec0684 jltma-glass-effect-no elementor-widget elementor-widget-text-editor\" data-id=\"6ec0684\" data-element_type=\"widget\" data-e-type=\"widget\" data-widget_type=\"text-editor.default\">\n\t\t\t\t<div class=\"elementor-widget-container\">\n\t\t\t\t\t\t\t\t\t<p>La Business Zone de COSMETICA ALGERIA est une initiative r\u00e9serv\u00e9e aux d\u00e9cideurs et aux acheteurs de l&#8217;industrie cosm\u00e9tique. Elle vise \u00e0 stimuler leur int\u00e9r\u00eat pour la visite du salon COSMETICA ALGERIA, en leur offrant une exp\u00e9rience agr\u00e9able et ininterrompue.<\/p>\t\t\t\t\t\t\t\t<\/div>\n\t\t\t\t<\/div>\n\t\t\t\t\t<\/div>\n\t\t<\/div>\n\t\t\t\t<div class=\"elementor-column elementor-col-33 elementor-top-column elementor-element elementor-element-75adbe1 jltma-glass-effect-no\" data-id=\"75adbe1\" data-element_type=\"column\" data-e-type=\"column\" data-settings=\"{&quot;background_background&quot;:&quot;gradient&quot;}\">\n\t\t\t<div class=\"elementor-widget-wrap elementor-element-populated\">\n\t\t\t\t\t\t<div class=\"elementor-element elementor-element-f3deefd jltma-glass-effect-no elementor-widget elementor-widget-heading\" data-id=\"f3deefd\" data-element_type=\"widget\" data-e-type=\"widget\" data-widget_type=\"heading.default\">\n\t\t\t\t<div class=\"elementor-widget-container\">\n\t\t\t\t\t<h3 class=\"elementor-heading-title elementor-size-default\">Cosmetica Show<\/h3>\t\t\t\t<\/div>\n\t\t\t\t<\/div>\n\t\t\t\t<div class=\"elementor-element elementor-element-43e05d8 jltma-glass-effect-no elementor-widget elementor-widget-text-editor\" data-id=\"43e05d8\" data-element_type=\"widget\" data-e-type=\"widget\" data-widget_type=\"text-editor.default\">\n\t\t\t\t<div class=\"elementor-widget-container\">\n\t\t\t\t\t\t\t\t\t<p>A rich and not to be missed program will be presented at the Cosmetica Stage where professionals will present the latest techniques and trends in hairdressing, coloring, makeup and more.<\/p>\t\t\t\t\t\t\t\t<\/div>\n\t\t\t\t<\/div>\n\t\t\t\t\t<\/div>\n\t\t<\/div>\n\t\t\t\t<div class=\"elementor-column elementor-col-33 elementor-top-column elementor-element elementor-element-4b974ff jltma-glass-effect-no\" data-id=\"4b974ff\" data-element_type=\"column\" data-e-type=\"column\" data-settings=\"{&quot;background_background&quot;:&quot;classic&quot;}\">\n\t\t\t<div class=\"elementor-widget-wrap elementor-element-populated\">\n\t\t\t\t\t\t<div class=\"elementor-element elementor-element-0b96800 jltma-glass-effect-no elementor-widget elementor-widget-heading\" data-id=\"0b96800\" data-element_type=\"widget\" data-e-type=\"widget\" data-widget_type=\"heading.default\">\n\t\t\t\t<div class=\"elementor-widget-container\">\n\t\t\t\t\t<h3 class=\"elementor-heading-title elementor-size-default\">Zone sp\u00e9cial start-up et artisans<\/h3>\t\t\t\t<\/div>\n\t\t\t\t<\/div>\n\t\t\t\t<div class=\"elementor-element elementor-element-115870a jltma-glass-effect-no elementor-widget elementor-widget-text-editor\" data-id=\"115870a\" data-element_type=\"widget\" data-e-type=\"widget\" data-widget_type=\"text-editor.default\">\n\t\t\t\t<div class=\"elementor-widget-container\">\n\t\t\t\t\t\t\t\t\t<p>Cosmetica Algeria will be choosing 10 of the best Startups and Artisans in Algeria for the opportunity to present their products for 4 days at the show.<\/p>\t\t\t\t\t\t\t\t<\/div>\n\t\t\t\t<\/div>\n\t\t\t\t\t<\/div>\n\t\t<\/div>\n\t\t\t\t\t<\/div>\n\t\t<\/section>\n\t\t\t\t<section class=\"elementor-section elementor-top-section elementor-element elementor-element-3d3ae10 elementor-section-content-middle elementor-section-boxed elementor-section-height-default elementor-section-height-default jltma-glass-effect-no\" data-id=\"3d3ae10\" data-element_type=\"section\" data-e-type=\"section\" data-settings=\"{&quot;background_background&quot;:&quot;classic&quot;}\">\n\t\t\t\t\t\t\t<div class=\"elementor-background-overlay\"><\/div>\n\t\t\t\t\t\t\t<div class=\"elementor-container elementor-column-gap-no\">\n\t\t\t\t\t<div class=\"elementor-column elementor-col-33 elementor-top-column elementor-element elementor-element-e764de0 jltma-glass-effect-no\" data-id=\"e764de0\" data-element_type=\"column\" data-e-type=\"column\" data-settings=\"{&quot;background_background&quot;:&quot;gradient&quot;}\">\n\t\t\t<div class=\"elementor-widget-wrap elementor-element-populated\">\n\t\t\t\t\t\t<div class=\"elementor-element elementor-element-c15fb63 jltma-glass-effect-no elementor-widget elementor-widget-heading\" data-id=\"c15fb63\" data-element_type=\"widget\" data-e-type=\"widget\" data-widget_type=\"heading.default\">\n\t\t\t\t<div class=\"elementor-widget-container\">\n\t\t\t\t\t<h3 class=\"elementor-heading-title elementor-size-default\">Conf\u00e9rences<\/h3>\t\t\t\t<\/div>\n\t\t\t\t<\/div>\n\t\t\t\t<div class=\"elementor-element elementor-element-16ffc86 jltma-glass-effect-no elementor-widget elementor-widget-text-editor\" data-id=\"16ffc86\" data-element_type=\"widget\" data-e-type=\"widget\" data-widget_type=\"text-editor.default\">\n\t\t\t\t<div class=\"elementor-widget-container\">\n\t\t\t\t\t\t\t\t\t<p>Various conferences will be led by professors, doctors, professionals and experts in the field of cosmetics.<\/p>\t\t\t\t\t\t\t\t<\/div>\n\t\t\t\t<\/div>\n\t\t\t\t\t<\/div>\n\t\t<\/div>\n\t\t\t\t<div class=\"elementor-column elementor-col-33 elementor-top-column elementor-element elementor-element-7905db5 jltma-glass-effect-no\" data-id=\"7905db5\" data-element_type=\"column\" data-e-type=\"column\" data-settings=\"{&quot;background_background&quot;:&quot;classic&quot;}\">\n\t\t\t<div class=\"elementor-widget-wrap elementor-element-populated\">\n\t\t\t\t\t\t<div class=\"elementor-element elementor-element-907495f jltma-glass-effect-no elementor-widget elementor-widget-heading\" data-id=\"907495f\" data-element_type=\"widget\" data-e-type=\"widget\" data-widget_type=\"heading.default\">\n\t\t\t\t<div class=\"elementor-widget-container\">\n\t\t\t\t\t<h3 class=\"elementor-heading-title elementor-size-default\">Workshops\n<\/h3>\t\t\t\t<\/div>\n\t\t\t\t<\/div>\n\t\t\t\t<div class=\"elementor-element elementor-element-8ccf58c jltma-glass-effect-no elementor-widget elementor-widget-text-editor\" data-id=\"8ccf58c\" data-element_type=\"widget\" data-e-type=\"widget\" data-widget_type=\"text-editor.default\">\n\t\t\t\t<div class=\"elementor-widget-container\">\n\t\t\t\t\t\t\t\t\t<p>Visitors of Cosmetica Algeria have a chance to attend workshops and discover the newest trends and recent innovations in cosmetics products and services.<\/p>\t\t\t\t\t\t\t\t<\/div>\n\t\t\t\t<\/div>\n\t\t\t\t\t<\/div>\n\t\t<\/div>\n\t\t\t\t<div class=\"elementor-column elementor-col-33 elementor-top-column elementor-element elementor-element-89bc292 jltma-glass-effect-no\" data-id=\"89bc292\" data-element_type=\"column\" data-e-type=\"column\" data-settings=\"{&quot;background_background&quot;:&quot;gradient&quot;}\">\n\t\t\t<div class=\"elementor-widget-wrap elementor-element-populated\">\n\t\t\t\t\t\t<div class=\"elementor-element elementor-element-34bea06 jltma-glass-effect-no elementor-widget elementor-widget-heading\" data-id=\"34bea06\" data-element_type=\"widget\" data-e-type=\"widget\" data-widget_type=\"heading.default\">\n\t\t\t\t<div class=\"elementor-widget-container\">\n\t\t\t\t\t<h3 class=\"elementor-heading-title elementor-size-default\">Product Presentation Area<\/h3>\t\t\t\t<\/div>\n\t\t\t\t<\/div>\n\t\t\t\t<div class=\"elementor-element elementor-element-5f154bc jltma-glass-effect-no elementor-widget elementor-widget-text-editor\" data-id=\"5f154bc\" data-element_type=\"widget\" data-e-type=\"widget\" data-widget_type=\"text-editor.default\">\n\t\t\t\t<div class=\"elementor-widget-container\">\n\t\t\t\t\t\t\t\t\t<p>Don&#8217;t miss out on the chance to present your products to thousands of visitors at Cosmetica Algeria. With our dedicated area for product presentation, exhibitors get the chance to present their products to professionals.<\/p>\t\t\t\t\t\t\t\t<\/div>\n\t\t\t\t<\/div>\n\t\t\t\t\t<\/div>\n\t\t<\/div>\n\t\t\t\t\t<\/div>\n\t\t<\/section>\n\t\t\t\t<section class=\"elementor-section elementor-top-section elementor-element elementor-element-dea6e3d elementor-section-height-min-height elementor-section-boxed elementor-section-height-default elementor-section-items-middle jltma-glass-effect-no\" data-id=\"dea6e3d\" data-element_type=\"section\" data-e-type=\"section\" data-settings=\"{&quot;background_background&quot;:&quot;classic&quot;}\">\n\t\t\t\t\t\t\t<div class=\"elementor-background-overlay\"><\/div>\n\t\t\t\t\t\t\t<div class=\"elementor-container elementor-column-gap-default\">\n\t\t\t\t\t<div class=\"elementor-column elementor-col-100 elementor-top-column elementor-element elementor-element-5f6e6a3 jltma-glass-effect-no\" data-id=\"5f6e6a3\" data-element_type=\"column\" data-e-type=\"column\">\n\t\t\t<div class=\"elementor-widget-wrap elementor-element-populated\">\n\t\t\t\t\t\t<section class=\"elementor-section elementor-inner-section elementor-element elementor-element-2a59f15 elementor-section-boxed elementor-section-height-default elementor-section-height-default jltma-glass-effect-no\" data-id=\"2a59f15\" data-element_type=\"section\" data-e-type=\"section\">\n\t\t\t\t\t\t<div class=\"elementor-container elementor-column-gap-default\">\n\t\t\t\t\t<div class=\"elementor-column elementor-col-50 elementor-inner-column elementor-element elementor-element-bfd4d99 jltma-glass-effect-no\" data-id=\"bfd4d99\" data-element_type=\"column\" data-e-type=\"column\">\n\t\t\t<div class=\"elementor-widget-wrap elementor-element-populated\">\n\t\t\t\t\t\t<div class=\"elementor-element elementor-element-7af033d elementor-mobile-align-center jltma-glass-effect-no elementor-invisible elementor-widget elementor-widget-button\" data-id=\"7af033d\" data-element_type=\"widget\" data-e-type=\"widget\" data-settings=\"{&quot;_animation&quot;:&quot;fadeIn&quot;}\" data-widget_type=\"button.default\">\n\t\t\t\t<div class=\"elementor-widget-container\">\n\t\t\t\t\t\t\t\t\t<div class=\"elementor-button-wrapper\">\n\t\t\t\t\t<a class=\"elementor-button elementor-button-link elementor-size-sm elementor-animation-bob\" href=\"https:\/\/cosmeticaafrica.com\/en\/visit\/\">\n\t\t\t\t\t\t<span class=\"elementor-button-content-wrapper\">\n\t\t\t\t\t\t<span class=\"elementor-button-icon\">\n\t\t\t\t<i aria-hidden=\"true\" class=\"fas fa-angle-right\"><\/i>\t\t\t<\/span>\n\t\t\t\t\t\t\t\t\t<span class=\"elementor-button-text\">VISITOR REGISTRATION<\/span>\n\t\t\t\t\t<\/span>\n\t\t\t\t\t<\/a>\n\t\t\t\t<\/div>\n\t\t\t\t\t\t\t\t<\/div>\n\t\t\t\t<\/div>\n\t\t\t\t\t<\/div>\n\t\t<\/div>\n\t\t\t\t<div class=\"elementor-column elementor-col-50 elementor-inner-column elementor-element elementor-element-d1723fc jltma-glass-effect-no\" data-id=\"d1723fc\" data-element_type=\"column\" data-e-type=\"column\">\n\t\t\t<div class=\"elementor-widget-wrap elementor-element-populated\">\n\t\t\t\t\t\t<div class=\"elementor-element elementor-element-cf3a17e elementor-tablet-align-center elementor-mobile-align-center jltma-glass-effect-no elementor-invisible elementor-widget elementor-widget-button\" data-id=\"cf3a17e\" data-element_type=\"widget\" data-e-type=\"widget\" data-settings=\"{&quot;_animation&quot;:&quot;fadeIn&quot;}\" data-widget_type=\"button.default\">\n\t\t\t\t<div class=\"elementor-widget-container\">\n\t\t\t\t\t\t\t\t\t<div class=\"elementor-button-wrapper\">\n\t\t\t\t\t<a class=\"elementor-button elementor-button-link elementor-size-sm elementor-animation-bob\" href=\"https:\/\/cosmeticaafrica.com\/en\/book-your-stand\/\" target=\"_blank\">\n\t\t\t\t\t\t<span class=\"elementor-button-content-wrapper\">\n\t\t\t\t\t\t<span class=\"elementor-button-icon\">\n\t\t\t\t<i aria-hidden=\"true\" class=\"fas fa-angle-right\"><\/i>\t\t\t<\/span>\n\t\t\t\t\t\t\t\t\t<span class=\"elementor-button-text\">reserve your stand now <\/span>\n\t\t\t\t\t<\/span>\n\t\t\t\t\t<\/a>\n\t\t\t\t<\/div>\n\t\t\t\t\t\t\t\t<\/div>\n\t\t\t\t<\/div>\n\t\t\t\t\t<\/div>\n\t\t<\/div>\n\t\t\t\t\t<\/div>\n\t\t<\/section>\n\t\t\t\t\t<\/div>\n\t\t<\/div>\n\t\t\t\t\t<\/div>\n\t\t<\/section>\n\t\t\t\t<\/div>\n\t\t","protected":false},"excerpt":{"rendered":"<p>ACTIVITIES Business Zone La Business Zone de COSMETICA ALGERIA est une initiative r\u00e9serv\u00e9e aux d\u00e9cideurs et aux acheteurs de l&#8217;industrie cosm\u00e9tique. Elle vise \u00e0 stimuler leur int\u00e9r\u00eat pour la visite du salon COSMETICA ALGERIA, en leur offrant une exp\u00e9rience agr\u00e9able et ininterrompue. Cosmetica Show A rich and not to be missed program will be presented [&hellip;]<\/p>\n","protected":false},"author":3,"featured_media":6446,"parent":0,"menu_order":0,"comment_status":"closed","ping_status":"closed","template":"elementor_header_footer","meta":{"footnotes":""},"class_list":["post-1650","page","type-page","status-publish","has-post-thumbnail","hentry"],"yoast_head":"<!-- This site is optimized with the Yoast SEO plugin v27.4 - https:\/\/yoast.com\/product\/yoast-seo-wordpress\/ -->\n<title>ACTIVITIES<\/title>\n<meta name=\"description\" content=\"Prepare yourself for 4 days of Activities including Seminars, Workshops and product presentation at Cosmetica Algeria\" \/>\n<meta name=\"robots\" content=\"index, follow, max-snippet:-1, max-image-preview:large, max-video-preview:-1\" \/>\n<link rel=\"canonical\" href=\"https:\/\/cosmeticaafrica.com\/activities\/\" \/>\n<meta property=\"og:locale\" content=\"en_US\" \/>\n<meta property=\"og:type\" content=\"article\" \/>\n<meta property=\"og:title\" content=\"ACTIVITIES\" \/>\n<meta property=\"og:description\" content=\"Prepare yourself for 4 days of Activities including Seminars, Workshops and product presentation at Cosmetica Algeria\" \/>\n<meta property=\"og:url\" content=\"https:\/\/cosmeticaafrica.com\/activities\/\" \/>\n<meta property=\"og:site_name\" content=\"Cosmetica Africa\" \/>\n<meta property=\"article:publisher\" content=\"https:\/\/www.facebook.com\/CosmeticaAlgeria\" \/>\n<meta property=\"article:modified_time\" content=\"2026-02-16T16:51:40+00:00\" \/>\n<meta property=\"og:image\" content=\"https:\/\/cosmeticaafrica.com\/wp-content\/uploads\/2024\/04\/Logo-website_COSMETICA-ALGERIA-2025.png\" \/>\n\t<meta property=\"og:image:width\" content=\"2084\" \/>\n\t<meta property=\"og:image:height\" content=\"2084\" \/>\n\t<meta property=\"og:image:type\" content=\"image\/png\" \/>\n<meta name=\"twitter:card\" content=\"summary_large_image\" \/>\n<meta name=\"twitter:label1\" content=\"Est. reading time\" \/>\n\t<meta name=\"twitter:data1\" content=\"1 minute\" \/>\n<script type=\"application\/ld+json\" class=\"yoast-schema-graph\">{\"@context\":\"https:\\\/\\\/schema.org\",\"@graph\":[{\"@type\":\"WebPage\",\"@id\":\"https:\\\/\\\/cosmeticaafrica.com\\\/activities\\\/\",\"url\":\"https:\\\/\\\/cosmeticaafrica.com\\\/activities\\\/\",\"name\":\"ACTIVITIES\",\"isPartOf\":{\"@id\":\"https:\\\/\\\/cosmeticaafrica.com\\\/#website\"},\"primaryImageOfPage\":{\"@id\":\"https:\\\/\\\/cosmeticaafrica.com\\\/activities\\\/#primaryimage\"},\"image\":{\"@id\":\"https:\\\/\\\/cosmeticaafrica.com\\\/activities\\\/#primaryimage\"},\"thumbnailUrl\":\"https:\\\/\\\/cosmeticaafrica.com\\\/wp-content\\\/uploads\\\/2024\\\/04\\\/Logo-website_COSMETICA-ALGERIA-2025.png\",\"datePublished\":\"2022-07-06T11:03:42+00:00\",\"dateModified\":\"2026-02-16T16:51:40+00:00\",\"description\":\"Prepare yourself for 4 days of Activities including Seminars, Workshops and product presentation at Cosmetica Algeria\",\"breadcrumb\":{\"@id\":\"https:\\\/\\\/cosmeticaafrica.com\\\/activities\\\/#breadcrumb\"},\"inLanguage\":\"en-US\",\"potentialAction\":[{\"@type\":\"ReadAction\",\"target\":[\"https:\\\/\\\/cosmeticaafrica.com\\\/activities\\\/\"]}]},{\"@type\":\"ImageObject\",\"inLanguage\":\"en-US\",\"@id\":\"https:\\\/\\\/cosmeticaafrica.com\\\/activities\\\/#primaryimage\",\"url\":\"https:\\\/\\\/cosmeticaafrica.com\\\/wp-content\\\/uploads\\\/2024\\\/04\\\/Logo-website_COSMETICA-ALGERIA-2025.png\",\"contentUrl\":\"https:\\\/\\\/cosmeticaafrica.com\\\/wp-content\\\/uploads\\\/2024\\\/04\\\/Logo-website_COSMETICA-ALGERIA-2025.png\",\"width\":2084,\"height\":2084},{\"@type\":\"BreadcrumbList\",\"@id\":\"https:\\\/\\\/cosmeticaafrica.com\\\/activities\\\/#breadcrumb\",\"itemListElement\":[{\"@type\":\"ListItem\",\"position\":1,\"name\":\"Home\",\"item\":\"https:\\\/\\\/cosmeticaafrica.com\\\/en\\\/\"},{\"@type\":\"ListItem\",\"position\":2,\"name\":\"ACTIVITIES\"}]},{\"@type\":\"WebSite\",\"@id\":\"https:\\\/\\\/cosmeticaafrica.com\\\/#website\",\"url\":\"https:\\\/\\\/cosmeticaafrica.com\\\/\",\"name\":\"Cosmetica Africa\",\"description\":\"Cosmetics Exhibition in Algeria\",\"publisher\":{\"@id\":\"https:\\\/\\\/cosmeticaafrica.com\\\/#organization\"},\"potentialAction\":[{\"@type\":\"SearchAction\",\"target\":{\"@type\":\"EntryPoint\",\"urlTemplate\":\"https:\\\/\\\/cosmeticaafrica.com\\\/?s={search_term_string}\"},\"query-input\":{\"@type\":\"PropertyValueSpecification\",\"valueRequired\":true,\"valueName\":\"search_term_string\"}}],\"inLanguage\":\"en-US\"},{\"@type\":\"Organization\",\"@id\":\"https:\\\/\\\/cosmeticaafrica.com\\\/#organization\",\"name\":\"cosmeticaalgeria\",\"url\":\"https:\\\/\\\/cosmeticaafrica.com\\\/\",\"logo\":{\"@type\":\"ImageObject\",\"inLanguage\":\"en-US\",\"@id\":\"https:\\\/\\\/cosmeticaafrica.com\\\/#\\\/schema\\\/logo\\\/image\\\/\",\"url\":\"https:\\\/\\\/cosmeticaafrica.com\\\/wp-content\\\/uploads\\\/2022\\\/07\\\/NEW-LOGO.jpeg\",\"contentUrl\":\"https:\\\/\\\/cosmeticaafrica.com\\\/wp-content\\\/uploads\\\/2022\\\/07\\\/NEW-LOGO.jpeg\",\"width\":1080,\"height\":1080,\"caption\":\"cosmeticaalgeria\"},\"image\":{\"@id\":\"https:\\\/\\\/cosmeticaafrica.com\\\/#\\\/schema\\\/logo\\\/image\\\/\"},\"sameAs\":[\"https:\\\/\\\/www.facebook.com\\\/CosmeticaAlgeria\",\"https:\\\/\\\/www.linkedin.com\\\/company\\\/cosmeticaalgeria\",\"https:\\\/\\\/www.instagram.com\\\/cosmeticaalgeria\\\/\"]}]}<\/script>\n<!-- \/ Yoast SEO plugin. -->","yoast_head_json":{"title":"ACTIVITIES","description":"Prepare yourself for 4 days of Activities including Seminars, Workshops and product presentation at Cosmetica Algeria","robots":{"index":"index","follow":"follow","max-snippet":"max-snippet:-1","max-image-preview":"max-image-preview:large","max-video-preview":"max-video-preview:-1"},"canonical":"https:\/\/cosmeticaafrica.com\/activities\/","og_locale":"en_US","og_type":"article","og_title":"ACTIVITIES","og_description":"Prepare yourself for 4 days of Activities including Seminars, Workshops and product presentation at Cosmetica Algeria","og_url":"https:\/\/cosmeticaafrica.com\/activities\/","og_site_name":"Cosmetica Africa","article_publisher":"https:\/\/www.facebook.com\/CosmeticaAlgeria","article_modified_time":"2026-02-16T16:51:40+00:00","og_image":[{"width":2084,"height":2084,"url":"https:\/\/cosmeticaafrica.com\/wp-content\/uploads\/2024\/04\/Logo-website_COSMETICA-ALGERIA-2025.png","type":"image\/png"}],"twitter_card":"summary_large_image","twitter_misc":{"Est. reading time":"1 minute"},"schema":{"@context":"https:\/\/schema.org","@graph":[{"@type":"WebPage","@id":"https:\/\/cosmeticaafrica.com\/activities\/","url":"https:\/\/cosmeticaafrica.com\/activities\/","name":"ACTIVITIES","isPartOf":{"@id":"https:\/\/cosmeticaafrica.com\/#website"},"primaryImageOfPage":{"@id":"https:\/\/cosmeticaafrica.com\/activities\/#primaryimage"},"image":{"@id":"https:\/\/cosmeticaafrica.com\/activities\/#primaryimage"},"thumbnailUrl":"https:\/\/cosmeticaafrica.com\/wp-content\/uploads\/2024\/04\/Logo-website_COSMETICA-ALGERIA-2025.png","datePublished":"2022-07-06T11:03:42+00:00","dateModified":"2026-02-16T16:51:40+00:00","description":"Prepare yourself for 4 days of Activities including Seminars, Workshops and product presentation at Cosmetica Algeria","breadcrumb":{"@id":"https:\/\/cosmeticaafrica.com\/activities\/#breadcrumb"},"inLanguage":"en-US","potentialAction":[{"@type":"ReadAction","target":["https:\/\/cosmeticaafrica.com\/activities\/"]}]},{"@type":"ImageObject","inLanguage":"en-US","@id":"https:\/\/cosmeticaafrica.com\/activities\/#primaryimage","url":"https:\/\/cosmeticaafrica.com\/wp-content\/uploads\/2024\/04\/Logo-website_COSMETICA-ALGERIA-2025.png","contentUrl":"https:\/\/cosmeticaafrica.com\/wp-content\/uploads\/2024\/04\/Logo-website_COSMETICA-ALGERIA-2025.png","width":2084,"height":2084},{"@type":"BreadcrumbList","@id":"https:\/\/cosmeticaafrica.com\/activities\/#breadcrumb","itemListElement":[{"@type":"ListItem","position":1,"name":"Home","item":"https:\/\/cosmeticaafrica.com\/en\/"},{"@type":"ListItem","position":2,"name":"ACTIVITIES"}]},{"@type":"WebSite","@id":"https:\/\/cosmeticaafrica.com\/#website","url":"https:\/\/cosmeticaafrica.com\/","name":"Cosmetica Africa","description":"Cosmetics Exhibition in Algeria","publisher":{"@id":"https:\/\/cosmeticaafrica.com\/#organization"},"potentialAction":[{"@type":"SearchAction","target":{"@type":"EntryPoint","urlTemplate":"https:\/\/cosmeticaafrica.com\/?s={search_term_string}"},"query-input":{"@type":"PropertyValueSpecification","valueRequired":true,"valueName":"search_term_string"}}],"inLanguage":"en-US"},{"@type":"Organization","@id":"https:\/\/cosmeticaafrica.com\/#organization","name":"cosmeticaalgeria","url":"https:\/\/cosmeticaafrica.com\/","logo":{"@type":"ImageObject","inLanguage":"en-US","@id":"https:\/\/cosmeticaafrica.com\/#\/schema\/logo\/image\/","url":"https:\/\/cosmeticaafrica.com\/wp-content\/uploads\/2022\/07\/NEW-LOGO.jpeg","contentUrl":"https:\/\/cosmeticaafrica.com\/wp-content\/uploads\/2022\/07\/NEW-LOGO.jpeg","width":1080,"height":1080,"caption":"cosmeticaalgeria"},"image":{"@id":"https:\/\/cosmeticaafrica.com\/#\/schema\/logo\/image\/"},"sameAs":["https:\/\/www.facebook.com\/CosmeticaAlgeria","https:\/\/www.linkedin.com\/company\/cosmeticaalgeria","https:\/\/www.instagram.com\/cosmeticaalgeria\/"]}]}},"_links":{"self":[{"href":"https:\/\/cosmeticaafrica.com\/en\/wp-json\/wp\/v2\/pages\/1650","targetHints":{"allow":["GET"]}}],"collection":[{"href":"https:\/\/cosmeticaafrica.com\/en\/wp-json\/wp\/v2\/pages"}],"about":[{"href":"https:\/\/cosmeticaafrica.com\/en\/wp-json\/wp\/v2\/types\/page"}],"author":[{"embeddable":true,"href":"https:\/\/cosmeticaafrica.com\/en\/wp-json\/wp\/v2\/users\/3"}],"replies":[{"embeddable":true,"href":"https:\/\/cosmeticaafrica.com\/en\/wp-json\/wp\/v2\/comments?post=1650"}],"version-history":[{"count":3,"href":"https:\/\/cosmeticaafrica.com\/en\/wp-json\/wp\/v2\/pages\/1650\/revisions"}],"predecessor-version":[{"id":9220,"href":"https:\/\/cosmeticaafrica.com\/en\/wp-json\/wp\/v2\/pages\/1650\/revisions\/9220"}],"wp:featuredmedia":[{"embeddable":true,"href":"https:\/\/cosmeticaafrica.com\/en\/wp-json\/wp\/v2\/media\/6446"}],"wp:attachment":[{"href":"https:\/\/cosmeticaafrica.com\/en\/wp-json\/wp\/v2\/media?parent=1650"}],"curies":[{"name":"wp","href":"https:\/\/api.w.org\/{rel}","templated":true}]}}